{"id":7081,"date":"2025-08-08T17:38:00","date_gmt":"2025-08-08T17:38:00","guid":{"rendered":"https:\/\/concept05design.com\/produit\/sugar-black\/"},"modified":"2025-08-08T17:38:52","modified_gmt":"2025-08-08T17:38:52","slug":"sugar-black","status":"publish","type":"product","link":"https:\/\/concept05design.com\/en\/produit\/sugar-black\/","title":{"rendered":"Sugar Black"},"content":{"rendered":"<p data-start=\"42\" data-end=\"474\">Porcelain tiles offer the perfect balance between aesthetics and performance. Made from high-quality minerals and fired at very high temperatures, they are non-porous, highly resistant and withstand daily wear and tear. With designs ranging from natural stone looks to modern minimalist styles, porcelain is ideal for kitchens, bathrooms, walls, floors and outdoor spaces.  <\/p>\n<p data-start=\"476\" data-end=\"510\"><strong data-start=\"476\" data-end=\"508\">Key features<\/strong><\/p>\n<ul data-start=\"511\" data-end=\"942\">\n<li data-start=\"511\" data-end=\"566\">\n<p data-start=\"513\" data-end=\"566\"><strong data-start=\"513\" data-end=\"524\">Durable<\/strong> &#8211; Scratch, chip and impact resistant.<\/p>\n<\/li>\n<li data-start=\"567\" data-end=\"646\">\n<p data-start=\"569\" data-end=\"646\"><strong data-start=\"569\" data-end=\"595\">Heat-resistant<\/strong> &#8211; Withstands high temperatures without damage.<\/p>\n<\/li>\n<li data-start=\"647\" data-end=\"713\">\n<p data-start=\"649\" data-end=\"713\"><strong data-start=\"649\" data-end=\"663\">Non-porous<\/strong> &#8211; Repels liquids and prevents staining.<\/p>\n<\/li>\n<li data-start=\"714\" data-end=\"778\">\n<p data-start=\"716\" data-end=\"778\"><strong data-start=\"716\" data-end=\"736\">Easy maintenance<\/strong> &#8211; Simple to clean with little effort.<\/p>\n<\/li>\n<li data-start=\"779\" data-end=\"859\">\n<p data-start=\"781\" data-end=\"859\"><strong data-start=\"781\" data-end=\"801\">UV-resistant<\/strong> &#8211; Retains its color and finish even outdoors.<\/p>\n<\/li>\n<li data-start=\"860\" data-end=\"942\">\n<p data-start=\"862\" data-end=\"942\"><strong data-start=\"862\" data-end=\"883\">Versatile design<\/strong> &#8211; Available in many colors, patterns and finishes.<\/p>\n<\/li>\n<\/ul>\n","protected":false},"excerpt":{"rendered":"<p data-start=\"42\" data-end=\"342\">An elegant matte black porcelain slab, measuring 126&#8243; x 63&#8243;. Epic Sugar Black combines modernity with exceptional durability. Perfect for bold countertops, walls or floors, its smooth, non-reflective surface adds a sophisticated touch to any space.  <\/p>\n","protected":false},"featured_media":7080,"template":"","meta":[],"product_brand":[],"product_cat":[486,484],"product_tag":[],"class_list":{"0":"post-7081","1":"product","2":"type-product","3":"status-publish","4":"has-post-thumbnail","6":"product_cat-porcelain-en","7":"product_cat-quartz-porcelain-en","9":"first","10":"instock","11":"shipping-taxable","12":"product-type-simple"},"yoast_head":"<!-- This site is optimized with the Yoast SEO plugin v27.4 - https:\/\/yoast.com\/product\/yoast-seo-wordpress\/ -->\n<title>Sugar Black - Concept 05 Design<\/title>\n<meta name=\"robots\" content=\"index, follow, max-snippet:-1, max-image-preview:large, max-video-preview:-1\" \/>\n<link rel=\"canonical\" href=\"https:\/\/concept05design.com\/en\/produit\/sugar-black\/\" \/>\n<meta property=\"og:locale\" content=\"en_US\" \/>\n<meta property=\"og:type\" content=\"article\" \/>\n<meta property=\"og:title\" content=\"Sugar Black - Concept 05 Design\" \/>\n<meta property=\"og:description\" content=\"An elegant matte black porcelain slab, measuring 126&quot; x 63&quot;. Epic Sugar Black combines modernity with exceptional durability. Perfect for bold countertops, walls or floors, its smooth, non-reflective surface adds a sophisticated touch to any space.\" \/>\n<meta property=\"og:url\" content=\"https:\/\/concept05design.com\/en\/produit\/sugar-black\/\" \/>\n<meta property=\"og:site_name\" content=\"Concept 05 Design\" \/>\n<meta property=\"article:modified_time\" content=\"2025-08-08T17:38:52+00:00\" \/>\n<meta property=\"og:image\" content=\"https:\/\/concept05design.com\/wp-content\/uploads\/2025\/08\/Copy-of-Copy-of-Your-paragraph-text-35.png\" \/>\n\t<meta property=\"og:image:width\" content=\"640\" \/>\n\t<meta property=\"og:image:height\" content=\"640\" \/>\n\t<meta property=\"og:image:type\" content=\"image\/png\" \/>\n<meta name=\"twitter:card\" content=\"summary_large_image\" \/>\n<meta name=\"twitter:label1\" content=\"Est. reading time\" \/>\n\t<meta name=\"twitter:data1\" content=\"1 minute\" \/>\n<script type=\"application\/ld+json\" class=\"yoast-schema-graph\">{\"@context\":\"https:\\\/\\\/schema.org\",\"@graph\":[{\"@type\":\"WebPage\",\"@id\":\"https:\\\/\\\/concept05design.com\\\/en\\\/produit\\\/sugar-black\\\/\",\"url\":\"https:\\\/\\\/concept05design.com\\\/en\\\/produit\\\/sugar-black\\\/\",\"name\":\"Sugar Black - Concept 05 Design\",\"isPartOf\":{\"@id\":\"https:\\\/\\\/concept05design.com\\\/en\\\/#website\"},\"primaryImageOfPage\":{\"@id\":\"https:\\\/\\\/concept05design.com\\\/en\\\/produit\\\/sugar-black\\\/#primaryimage\"},\"image\":{\"@id\":\"https:\\\/\\\/concept05design.com\\\/en\\\/produit\\\/sugar-black\\\/#primaryimage\"},\"thumbnailUrl\":\"https:\\\/\\\/concept05design.com\\\/wp-content\\\/uploads\\\/2025\\\/08\\\/Copy-of-Copy-of-Your-paragraph-text-35.png\",\"datePublished\":\"2025-08-08T17:38:00+00:00\",\"dateModified\":\"2025-08-08T17:38:52+00:00\",\"breadcrumb\":{\"@id\":\"https:\\\/\\\/concept05design.com\\\/en\\\/produit\\\/sugar-black\\\/#breadcrumb\"},\"inLanguage\":\"en-US\",\"potentialAction\":[{\"@type\":\"ReadAction\",\"target\":[\"https:\\\/\\\/concept05design.com\\\/en\\\/produit\\\/sugar-black\\\/\"]}]},{\"@type\":\"ImageObject\",\"inLanguage\":\"en-US\",\"@id\":\"https:\\\/\\\/concept05design.com\\\/en\\\/produit\\\/sugar-black\\\/#primaryimage\",\"url\":\"https:\\\/\\\/concept05design.com\\\/wp-content\\\/uploads\\\/2025\\\/08\\\/Copy-of-Copy-of-Your-paragraph-text-35.png\",\"contentUrl\":\"https:\\\/\\\/concept05design.com\\\/wp-content\\\/uploads\\\/2025\\\/08\\\/Copy-of-Copy-of-Your-paragraph-text-35.png\",\"width\":640,\"height\":640},{\"@type\":\"BreadcrumbList\",\"@id\":\"https:\\\/\\\/concept05design.com\\\/en\\\/produit\\\/sugar-black\\\/#breadcrumb\",\"itemListElement\":[{\"@type\":\"ListItem\",\"position\":1,\"name\":\"Accueil\",\"item\":\"https:\\\/\\\/concept05design.com\\\/en\\\/\"},{\"@type\":\"ListItem\",\"position\":2,\"name\":\"Shop\",\"item\":\"https:\\\/\\\/concept05design.com\\\/shop\\\/\"},{\"@type\":\"ListItem\",\"position\":3,\"name\":\"Sugar Black\"}]},{\"@type\":\"WebSite\",\"@id\":\"https:\\\/\\\/concept05design.com\\\/en\\\/#website\",\"url\":\"https:\\\/\\\/concept05design.com\\\/en\\\/\",\"name\":\"Concept 05 Design\",\"description\":\"Du Concept \u00e0 la R\u00e9alit\u00e9 : Votre Vision, Notre Mission\",\"potentialAction\":[{\"@type\":\"SearchAction\",\"target\":{\"@type\":\"EntryPoint\",\"urlTemplate\":\"https:\\\/\\\/concept05design.com\\\/en\\\/?s={search_term_string}\"},\"query-input\":{\"@type\":\"PropertyValueSpecification\",\"valueRequired\":true,\"valueName\":\"search_term_string\"}}],\"inLanguage\":\"en-US\"}]}<\/script>\n<!-- \/ Yoast SEO plugin. -->","yoast_head_json":{"title":"Sugar Black - Concept 05 Design","robots":{"index":"index","follow":"follow","max-snippet":"max-snippet:-1","max-image-preview":"max-image-preview:large","max-video-preview":"max-video-preview:-1"},"canonical":"https:\/\/concept05design.com\/en\/produit\/sugar-black\/","og_locale":"en_US","og_type":"article","og_title":"Sugar Black - Concept 05 Design","og_description":"An elegant matte black porcelain slab, measuring 126\" x 63\". Epic Sugar Black combines modernity with exceptional durability. Perfect for bold countertops, walls or floors, its smooth, non-reflective surface adds a sophisticated touch to any space.","og_url":"https:\/\/concept05design.com\/en\/produit\/sugar-black\/","og_site_name":"Concept 05 Design","article_modified_time":"2025-08-08T17:38:52+00:00","og_image":[{"width":640,"height":640,"url":"https:\/\/concept05design.com\/wp-content\/uploads\/2025\/08\/Copy-of-Copy-of-Your-paragraph-text-35.png","type":"image\/png"}],"twitter_card":"summary_large_image","twitter_misc":{"Est. reading time":"1 minute"},"schema":{"@context":"https:\/\/schema.org","@graph":[{"@type":"WebPage","@id":"https:\/\/concept05design.com\/en\/produit\/sugar-black\/","url":"https:\/\/concept05design.com\/en\/produit\/sugar-black\/","name":"Sugar Black - Concept 05 Design","isPartOf":{"@id":"https:\/\/concept05design.com\/en\/#website"},"primaryImageOfPage":{"@id":"https:\/\/concept05design.com\/en\/produit\/sugar-black\/#primaryimage"},"image":{"@id":"https:\/\/concept05design.com\/en\/produit\/sugar-black\/#primaryimage"},"thumbnailUrl":"https:\/\/concept05design.com\/wp-content\/uploads\/2025\/08\/Copy-of-Copy-of-Your-paragraph-text-35.png","datePublished":"2025-08-08T17:38:00+00:00","dateModified":"2025-08-08T17:38:52+00:00","breadcrumb":{"@id":"https:\/\/concept05design.com\/en\/produit\/sugar-black\/#breadcrumb"},"inLanguage":"en-US","potentialAction":[{"@type":"ReadAction","target":["https:\/\/concept05design.com\/en\/produit\/sugar-black\/"]}]},{"@type":"ImageObject","inLanguage":"en-US","@id":"https:\/\/concept05design.com\/en\/produit\/sugar-black\/#primaryimage","url":"https:\/\/concept05design.com\/wp-content\/uploads\/2025\/08\/Copy-of-Copy-of-Your-paragraph-text-35.png","contentUrl":"https:\/\/concept05design.com\/wp-content\/uploads\/2025\/08\/Copy-of-Copy-of-Your-paragraph-text-35.png","width":640,"height":640},{"@type":"BreadcrumbList","@id":"https:\/\/concept05design.com\/en\/produit\/sugar-black\/#breadcrumb","itemListElement":[{"@type":"ListItem","position":1,"name":"Accueil","item":"https:\/\/concept05design.com\/en\/"},{"@type":"ListItem","position":2,"name":"Shop","item":"https:\/\/concept05design.com\/shop\/"},{"@type":"ListItem","position":3,"name":"Sugar Black"}]},{"@type":"WebSite","@id":"https:\/\/concept05design.com\/en\/#website","url":"https:\/\/concept05design.com\/en\/","name":"Concept 05 Design","description":"Du Concept \u00e0 la R\u00e9alit\u00e9 : Votre Vision, Notre Mission","potentialAction":[{"@type":"SearchAction","target":{"@type":"EntryPoint","urlTemplate":"https:\/\/concept05design.com\/en\/?s={search_term_string}"},"query-input":{"@type":"PropertyValueSpecification","valueRequired":true,"valueName":"search_term_string"}}],"inLanguage":"en-US"}]}},"_links":{"self":[{"href":"https:\/\/concept05design.com\/en\/wp-json\/wp\/v2\/product\/7081","targetHints":{"allow":["GET"]}}],"collection":[{"href":"https:\/\/concept05design.com\/en\/wp-json\/wp\/v2\/product"}],"about":[{"href":"https:\/\/concept05design.com\/en\/wp-json\/wp\/v2\/types\/product"}],"wp:featuredmedia":[{"embeddable":true,"href":"https:\/\/concept05design.com\/en\/wp-json\/wp\/v2\/media\/7080"}],"wp:attachment":[{"href":"https:\/\/concept05design.com\/en\/wp-json\/wp\/v2\/media?parent=7081"}],"wp:term":[{"taxonomy":"product_brand","embeddable":true,"href":"https:\/\/concept05design.com\/en\/wp-json\/wp\/v2\/product_brand?post=7081"},{"taxonomy":"product_cat","embeddable":true,"href":"https:\/\/concept05design.com\/en\/wp-json\/wp\/v2\/product_cat?post=7081"},{"taxonomy":"product_tag","embeddable":true,"href":"https:\/\/concept05design.com\/en\/wp-json\/wp\/v2\/product_tag?post=7081"}],"curies":[{"name":"wp","href":"https:\/\/api.w.org\/{rel}","templated":true}]}}