{"id":7172,"date":"2025-08-11T18:16:21","date_gmt":"2025-08-11T18:16:21","guid":{"rendered":"https:\/\/concept05design.com\/produit\/bianco-giulia\/"},"modified":"2025-08-11T18:21:35","modified_gmt":"2025-08-11T18:21:35","slug":"bianco-giulia","status":"publish","type":"product","link":"https:\/\/concept05design.com\/en\/produit\/bianco-giulia\/","title":{"rendered":"Bianco Giulia"},"content":{"rendered":"<p style=\"text-align: center;\" data-start=\"39\" data-end=\"441\"><strong data-start=\"39\" data-end=\"46\">LUX<\/strong><br data-start=\"46\" data-end=\"49\">The <strong data-start=\"61\" data-end=\"68\">Lux<\/strong> finish gives the surface of the slab a <strong data-start=\"112\" data-end=\"134\">high-gloss<\/strong> appearance, bringing luminosity to the material and enhancing the environment in which it is installed. <strong data-start=\"241\" data-end=\"248\">Lux<\/strong> is ideal for both indoor and outdoor applications. Lapitec is a <strong data-start=\"350\" data-end=\"370\">&#8220;full-body<\/strong>&#8221; material, which means it can be repolished even after installation. <\/p>\n<hr data-start=\"443\" data-end=\"446\">\n<p style=\"text-align: center;\" data-start=\"448\" data-end=\"781\"><strong data-start=\"448\" data-end=\"457\">SATIN<\/strong><br data-start=\"457\" data-end=\"460\">The <strong data-start=\"472\" data-end=\"481\">Satin<\/strong> finish is a <strong data-start=\"489\" data-end=\"504\">refined matte<\/strong>, obtained through an exclusive mechanical process applied to the surface of Lapitec slabs, making them <strong data-start=\"606\" data-end=\"626\">soft to the touch<\/strong> and evoking the texture and elegance of silk. The Satin finish is equally suited to interior design projects and outdoor solutions. <\/p>\n<hr data-start=\"783\" data-end=\"786\">\n<p style=\"text-align: center;\" data-start=\"788\" data-end=\"1322\"><strong data-start=\"788\" data-end=\"798\">LITHOS<\/strong><br data-start=\"798\" data-end=\"801\"><strong data-start=\"801\" data-end=\"835\">Slip resistance: R10<\/strong><br data-start=\"835\" data-end=\"838\">The <strong data-start=\"850\" data-end=\"860\">Lithos<\/strong> finish is obtained by <strong data-start=\"877\" data-end=\"898\">micro-plugging<\/strong>, creating fine undulations on the surface, offering varied sensations to the touch and a color effect with soft, natural shades. <strong data-start=\"1041\" data-end=\"1051\">Lithos<\/strong> is an elegant, <strong data-start=\"1079\" data-end=\"1091\">velvety<\/strong> and versatile finish, perfect for all types of application. Thanks to its slight depressions, resulting from a unique shaping method, this finish is ideal for exterior cladding, walkways, yachts and swimming pools. <\/p>\n<hr data-start=\"1324\" data-end=\"1327\">\n<p style=\"text-align: center;\" data-start=\"1329\" data-end=\"1623\"><strong data-start=\"1329\" data-end=\"1340\">VELLUTO<\/strong><br data-start=\"1340\" data-end=\"1343\"><strong data-start=\"1343\" data-end=\"1354\">Velluto<\/strong> is a <strong data-start=\"1380\" data-end=\"1396\">full-body<\/strong> satin finish suitable for both interior and exterior applications, for floors and ventilated facades, but also for worktops, kitchen counters, etc. Its texture is highly versatile and soft to the touch. Its texture is <strong data-start=\"1576\" data-end=\"1596\">highly versatile<\/strong> and <strong data-start=\"1600\" data-end=\"1620\">soft to the touch<\/strong>. <\/p>\n","protected":false},"excerpt":{"rendered":"<p><strong data-start=\"77\" data-end=\"114\">Musa Collection &#8211; Bianco Giulia<\/strong><br data-start=\"114\" data-end=\"117\">A dark yet intense veining tone, offering a very natural effect and bringing a unique personality to the pieces it envelops.<\/p>\n<p data-start=\"272\" data-end=\"300\"><strong data-start=\"272\" data-end=\"298\">Available thicknesses<\/strong><\/p>\n<ul data-start=\"301\" data-end=\"320\">\n<li data-start=\"301\" data-end=\"310\">\n<p data-start=\"303\" data-end=\"310\">12 mm<\/p>\n<\/li>\n<li data-start=\"311\" data-end=\"320\">\n<p data-start=\"313\" data-end=\"320\">20 mm<\/p>\n<\/li>\n<\/ul>\n<p data-start=\"322\" data-end=\"613\"><strong data-start=\"322\" data-end=\"347\">Available finishes<\/strong><br data-start=\"347\" data-end=\"350\">Bianco Giulia is available in 4 different surface finishes. Choose the one that best reflects the style of your project and optimizes its performance. All finishes are obtained mechanically, without printing or synthetic materials.  <\/p>\n","protected":false},"featured_media":7170,"template":"","meta":[],"product_brand":[],"product_cat":[495,484],"product_tag":[],"class_list":{"0":"post-7172","1":"product","2":"type-product","3":"status-publish","4":"has-post-thumbnail","6":"product_cat-lapitec-en","7":"product_cat-quartz-porcelain-en","9":"first","10":"instock","11":"shipping-taxable","12":"product-type-simple"},"yoast_head":"<!-- This site is optimized with the Yoast SEO plugin v27.4 - https:\/\/yoast.com\/product\/yoast-seo-wordpress\/ -->\n<title>Bianco Giulia - Concept 05 Design<\/title>\n<meta name=\"robots\" content=\"index, follow, max-snippet:-1, max-image-preview:large, max-video-preview:-1\" \/>\n<link rel=\"canonical\" href=\"https:\/\/concept05design.com\/en\/produit\/bianco-giulia\/\" \/>\n<meta property=\"og:locale\" content=\"en_US\" \/>\n<meta property=\"og:type\" content=\"article\" \/>\n<meta property=\"og:title\" content=\"Bianco Giulia - Concept 05 Design\" \/>\n<meta property=\"og:description\" content=\"Musa Collection - Bianco GiuliaA dark yet intense veining tone, offering a very natural effect and bringing a unique personality to the pieces it envelops. Available thicknesses   12 mm   20 mm  Available finishesBianco Giulia is available in 4 different surface finishes. Choose the one that best reflects the style of your project and optimizes its performance. All finishes are obtained mechanically, without printing or synthetic materials.\" \/>\n<meta property=\"og:url\" content=\"https:\/\/concept05design.com\/en\/produit\/bianco-giulia\/\" \/>\n<meta property=\"og:site_name\" content=\"Concept 05 Design\" \/>\n<meta property=\"article:modified_time\" content=\"2025-08-11T18:21:35+00:00\" \/>\n<meta property=\"og:image\" content=\"https:\/\/concept05design.com\/wp-content\/uploads\/2025\/08\/Copy-of-Copy-of-Your-paragraph-text-3-5.png\" \/>\n\t<meta property=\"og:image:width\" content=\"640\" \/>\n\t<meta property=\"og:image:height\" content=\"640\" \/>\n\t<meta property=\"og:image:type\" content=\"image\/png\" \/>\n<meta name=\"twitter:card\" content=\"summary_large_image\" \/>\n<meta name=\"twitter:label1\" content=\"Est. reading time\" \/>\n\t<meta name=\"twitter:data1\" content=\"1 minute\" \/>\n<script type=\"application\/ld+json\" class=\"yoast-schema-graph\">{\"@context\":\"https:\\\/\\\/schema.org\",\"@graph\":[{\"@type\":\"WebPage\",\"@id\":\"https:\\\/\\\/concept05design.com\\\/en\\\/produit\\\/bianco-giulia\\\/\",\"url\":\"https:\\\/\\\/concept05design.com\\\/en\\\/produit\\\/bianco-giulia\\\/\",\"name\":\"Bianco Giulia - Concept 05 Design\",\"isPartOf\":{\"@id\":\"https:\\\/\\\/concept05design.com\\\/en\\\/#website\"},\"primaryImageOfPage\":{\"@id\":\"https:\\\/\\\/concept05design.com\\\/en\\\/produit\\\/bianco-giulia\\\/#primaryimage\"},\"image\":{\"@id\":\"https:\\\/\\\/concept05design.com\\\/en\\\/produit\\\/bianco-giulia\\\/#primaryimage\"},\"thumbnailUrl\":\"https:\\\/\\\/concept05design.com\\\/wp-content\\\/uploads\\\/2025\\\/08\\\/Copy-of-Copy-of-Your-paragraph-text-3-5.png\",\"datePublished\":\"2025-08-11T18:16:21+00:00\",\"dateModified\":\"2025-08-11T18:21:35+00:00\",\"breadcrumb\":{\"@id\":\"https:\\\/\\\/concept05design.com\\\/en\\\/produit\\\/bianco-giulia\\\/#breadcrumb\"},\"inLanguage\":\"en-US\",\"potentialAction\":[{\"@type\":\"ReadAction\",\"target\":[\"https:\\\/\\\/concept05design.com\\\/en\\\/produit\\\/bianco-giulia\\\/\"]}]},{\"@type\":\"ImageObject\",\"inLanguage\":\"en-US\",\"@id\":\"https:\\\/\\\/concept05design.com\\\/en\\\/produit\\\/bianco-giulia\\\/#primaryimage\",\"url\":\"https:\\\/\\\/concept05design.com\\\/wp-content\\\/uploads\\\/2025\\\/08\\\/Copy-of-Copy-of-Your-paragraph-text-3-5.png\",\"contentUrl\":\"https:\\\/\\\/concept05design.com\\\/wp-content\\\/uploads\\\/2025\\\/08\\\/Copy-of-Copy-of-Your-paragraph-text-3-5.png\",\"width\":640,\"height\":640},{\"@type\":\"BreadcrumbList\",\"@id\":\"https:\\\/\\\/concept05design.com\\\/en\\\/produit\\\/bianco-giulia\\\/#breadcrumb\",\"itemListElement\":[{\"@type\":\"ListItem\",\"position\":1,\"name\":\"Accueil\",\"item\":\"https:\\\/\\\/concept05design.com\\\/en\\\/\"},{\"@type\":\"ListItem\",\"position\":2,\"name\":\"Shop\",\"item\":\"https:\\\/\\\/concept05design.com\\\/shop\\\/\"},{\"@type\":\"ListItem\",\"position\":3,\"name\":\"Bianco Giulia\"}]},{\"@type\":\"WebSite\",\"@id\":\"https:\\\/\\\/concept05design.com\\\/en\\\/#website\",\"url\":\"https:\\\/\\\/concept05design.com\\\/en\\\/\",\"name\":\"Concept 05 Design\",\"description\":\"Du Concept \u00e0 la R\u00e9alit\u00e9 : Votre Vision, Notre Mission\",\"potentialAction\":[{\"@type\":\"SearchAction\",\"target\":{\"@type\":\"EntryPoint\",\"urlTemplate\":\"https:\\\/\\\/concept05design.com\\\/en\\\/?s={search_term_string}\"},\"query-input\":{\"@type\":\"PropertyValueSpecification\",\"valueRequired\":true,\"valueName\":\"search_term_string\"}}],\"inLanguage\":\"en-US\"}]}<\/script>\n<!-- \/ Yoast SEO plugin. -->","yoast_head_json":{"title":"Bianco Giulia - Concept 05 Design","robots":{"index":"index","follow":"follow","max-snippet":"max-snippet:-1","max-image-preview":"max-image-preview:large","max-video-preview":"max-video-preview:-1"},"canonical":"https:\/\/concept05design.com\/en\/produit\/bianco-giulia\/","og_locale":"en_US","og_type":"article","og_title":"Bianco Giulia - Concept 05 Design","og_description":"Musa Collection - Bianco GiuliaA dark yet intense veining tone, offering a very natural effect and bringing a unique personality to the pieces it envelops. Available thicknesses   12 mm   20 mm  Available finishesBianco Giulia is available in 4 different surface finishes. Choose the one that best reflects the style of your project and optimizes its performance. All finishes are obtained mechanically, without printing or synthetic materials.","og_url":"https:\/\/concept05design.com\/en\/produit\/bianco-giulia\/","og_site_name":"Concept 05 Design","article_modified_time":"2025-08-11T18:21:35+00:00","og_image":[{"width":640,"height":640,"url":"https:\/\/concept05design.com\/wp-content\/uploads\/2025\/08\/Copy-of-Copy-of-Your-paragraph-text-3-5.png","type":"image\/png"}],"twitter_card":"summary_large_image","twitter_misc":{"Est. reading time":"1 minute"},"schema":{"@context":"https:\/\/schema.org","@graph":[{"@type":"WebPage","@id":"https:\/\/concept05design.com\/en\/produit\/bianco-giulia\/","url":"https:\/\/concept05design.com\/en\/produit\/bianco-giulia\/","name":"Bianco Giulia - Concept 05 Design","isPartOf":{"@id":"https:\/\/concept05design.com\/en\/#website"},"primaryImageOfPage":{"@id":"https:\/\/concept05design.com\/en\/produit\/bianco-giulia\/#primaryimage"},"image":{"@id":"https:\/\/concept05design.com\/en\/produit\/bianco-giulia\/#primaryimage"},"thumbnailUrl":"https:\/\/concept05design.com\/wp-content\/uploads\/2025\/08\/Copy-of-Copy-of-Your-paragraph-text-3-5.png","datePublished":"2025-08-11T18:16:21+00:00","dateModified":"2025-08-11T18:21:35+00:00","breadcrumb":{"@id":"https:\/\/concept05design.com\/en\/produit\/bianco-giulia\/#breadcrumb"},"inLanguage":"en-US","potentialAction":[{"@type":"ReadAction","target":["https:\/\/concept05design.com\/en\/produit\/bianco-giulia\/"]}]},{"@type":"ImageObject","inLanguage":"en-US","@id":"https:\/\/concept05design.com\/en\/produit\/bianco-giulia\/#primaryimage","url":"https:\/\/concept05design.com\/wp-content\/uploads\/2025\/08\/Copy-of-Copy-of-Your-paragraph-text-3-5.png","contentUrl":"https:\/\/concept05design.com\/wp-content\/uploads\/2025\/08\/Copy-of-Copy-of-Your-paragraph-text-3-5.png","width":640,"height":640},{"@type":"BreadcrumbList","@id":"https:\/\/concept05design.com\/en\/produit\/bianco-giulia\/#breadcrumb","itemListElement":[{"@type":"ListItem","position":1,"name":"Accueil","item":"https:\/\/concept05design.com\/en\/"},{"@type":"ListItem","position":2,"name":"Shop","item":"https:\/\/concept05design.com\/shop\/"},{"@type":"ListItem","position":3,"name":"Bianco Giulia"}]},{"@type":"WebSite","@id":"https:\/\/concept05design.com\/en\/#website","url":"https:\/\/concept05design.com\/en\/","name":"Concept 05 Design","description":"Du Concept \u00e0 la R\u00e9alit\u00e9 : Votre Vision, Notre Mission","potentialAction":[{"@type":"SearchAction","target":{"@type":"EntryPoint","urlTemplate":"https:\/\/concept05design.com\/en\/?s={search_term_string}"},"query-input":{"@type":"PropertyValueSpecification","valueRequired":true,"valueName":"search_term_string"}}],"inLanguage":"en-US"}]}},"_links":{"self":[{"href":"https:\/\/concept05design.com\/en\/wp-json\/wp\/v2\/product\/7172","targetHints":{"allow":["GET"]}}],"collection":[{"href":"https:\/\/concept05design.com\/en\/wp-json\/wp\/v2\/product"}],"about":[{"href":"https:\/\/concept05design.com\/en\/wp-json\/wp\/v2\/types\/product"}],"wp:featuredmedia":[{"embeddable":true,"href":"https:\/\/concept05design.com\/en\/wp-json\/wp\/v2\/media\/7170"}],"wp:attachment":[{"href":"https:\/\/concept05design.com\/en\/wp-json\/wp\/v2\/media?parent=7172"}],"wp:term":[{"taxonomy":"product_brand","embeddable":true,"href":"https:\/\/concept05design.com\/en\/wp-json\/wp\/v2\/product_brand?post=7172"},{"taxonomy":"product_cat","embeddable":true,"href":"https:\/\/concept05design.com\/en\/wp-json\/wp\/v2\/product_cat?post=7172"},{"taxonomy":"product_tag","embeddable":true,"href":"https:\/\/concept05design.com\/en\/wp-json\/wp\/v2\/product_tag?post=7172"}],"curies":[{"name":"wp","href":"https:\/\/api.w.org\/{rel}","templated":true}]}}