{"id":7187,"date":"2025-08-11T18:35:21","date_gmt":"2025-08-11T18:35:21","guid":{"rendered":"https:\/\/concept05design.com\/produit\/bianco-assoluto\/"},"modified":"2025-08-11T20:18:36","modified_gmt":"2025-08-11T20:18:36","slug":"bianco-assoluto","status":"publish","type":"product","link":"https:\/\/concept05design.com\/en\/produit\/bianco-assoluto\/","title":{"rendered":"Bianco Assoluto"},"content":{"rendered":"<p style=\"text-align: center;\" data-start=\"52\" data-end=\"442\"><strong data-start=\"52\" data-end=\"59\">LUX<\/strong><br data-start=\"59\" data-end=\"62\" \/>The Lux finish gives the surface of the slab a high-gloss appearance, adding luminosity to the material and truly enhancing the environment in which it is installed. Lux is ideal for all applications, whether indoor or outdoor. Lapitec is a &#8220;full-body&#8221; material, which means it can be repolished even after installation.<\/p>\n<hr data-start=\"2438\" data-end=\"2441\" \/>\n<p style=\"text-align: center;\" data-start=\"444\" data-end=\"769\"><strong data-start=\"444\" data-end=\"453\">SATIN<\/strong><br data-start=\"453\" data-end=\"456\" \/>Satin is a refined matte finish obtained through exclusive mechanical machining of the Lapitec slab surface, making it soft to the touch and evoking the special consistency and elegance of silk. The Satin finish is equally suited to interior design projects and outdoor solutions.<\/p>\n<hr data-start=\"2438\" data-end=\"2441\" \/>\n<p style=\"text-align: center;\" data-start=\"771\" data-end=\"1298\"><strong data-start=\"771\" data-end=\"781\">LITHOS<\/strong><br data-start=\"781\" data-end=\"784\" \/>Slip resistance: R10<br data-start=\"814\" data-end=\"817\" \/>The Lithos finish is obtained by micro-stitching with a bush hammer, creating subtle folds on the surface, offering different sensations on each contact as well as a color effect in soft, natural tones. Lithos is an elegant, velvety and versatile finish, perfect for any application. Thanks to the subtle depressions created by its unique machining, this finish is ideal for exterior cladding, walkways, yachts and swimming pools.<\/p>\n<hr data-start=\"2438\" data-end=\"2441\" \/>\n<p style=\"text-align: center;\" data-start=\"1300\" data-end=\"1812\"><strong data-start=\"1300\" data-end=\"1311\">VESUVIO<\/strong><br data-start=\"1311\" data-end=\"1314\" \/>Slip resistance: R10<br data-start=\"1344\" data-end=\"1347\" \/>The movement of the Vesuvio finish lends strength and vitality to every surface, reducing slipperiness. Vesuvio is a structured finish obtained when the slab is shaped and baked, then refined using a special mechanical brushing technique. This process makes the finish particularly suitable for anti-slip floors, or perfect for any other application requiring unique and original performance, whether indoor or outdoor.<\/p>\n<hr data-start=\"2438\" data-end=\"2441\" \/>\n<p style=\"text-align: center;\" data-start=\"1814\" data-end=\"2185\"><strong data-start=\"1814\" data-end=\"1823\">ARENA<\/strong><br data-start=\"1823\" data-end=\"1826\" \/>Arena is a smooth, sandblasted finish with a uniform grain that gives the entire slab a feeling of natural dynamism. This type of treatment gives colors a lighter hue, highlighting their chromatic richness. Arena expresses its full potential when used for exterior applications and cladding.<\/p>\n<hr data-start=\"2438\" data-end=\"2441\" \/>\n<p style=\"text-align: center;\" data-start=\"2187\" data-end=\"2436\"><strong data-start=\"2187\" data-end=\"2198\">VELLUTO<\/strong><br data-start=\"2198\" data-end=\"2201\" \/>Velluto is a full-body satin finish suitable for interior and exterior applications, floors and ventilated facades, as well as worktops, kitchen tops, etc. Its texture is highly versatile and soft to the touch. Its texture is highly versatile and soft to the touch.<\/p>\n","protected":false},"excerpt":{"rendered":"<p><strong data-start=\"77\" data-end=\"114\">Essenza Collection- Bianco Assoluto<\/strong><\/p>\n<p>The whitest material of all. Purity and luminosity shine through in this shade, with incomparable whiteness and brilliance.<\/p>\n<p data-start=\"272\" data-end=\"300\"><strong data-start=\"272\" data-end=\"298\">Available thicknesses<\/strong><\/p>\n<ul data-start=\"301\" data-end=\"320\">\n<li data-start=\"301\" data-end=\"310\">\n<p data-start=\"303\" data-end=\"310\">12 mm<\/p>\n<\/li>\n<li data-start=\"311\" data-end=\"320\">\n<p data-start=\"313\" data-end=\"320\">20 mm<\/p>\n<\/li>\n<\/ul>\n<p data-start=\"322\" data-end=\"613\"><strong data-start=\"322\" data-end=\"347\">Available finishes<\/strong><br data-start=\"347\" data-end=\"350\" \/>Bianco Assoluto is available in 6 different surface finishes. Choose the one that best reflects the style of your project and optimizes its performance. All finishes are obtained by a mechanical process, without printing or synthetic materials.<\/p>\n","protected":false},"featured_media":7185,"template":"","meta":[],"product_brand":[],"product_cat":[495,484],"product_tag":[],"class_list":{"0":"post-7187","1":"product","2":"type-product","3":"status-publish","4":"has-post-thumbnail","6":"product_cat-lapitec-en","7":"product_cat-quartz-porcelain-en","9":"first","10":"instock","11":"shipping-taxable","12":"product-type-simple"},"yoast_head":"<!-- This site is optimized with the Yoast SEO plugin v27.4 - https:\/\/yoast.com\/product\/yoast-seo-wordpress\/ -->\n<title>Bianco Assoluto - Concept 05 Design<\/title>\n<meta name=\"robots\" content=\"index, follow, max-snippet:-1, max-image-preview:large, max-video-preview:-1\" \/>\n<link rel=\"canonical\" href=\"https:\/\/concept05design.com\/en\/produit\/bianco-assoluto\/\" \/>\n<meta property=\"og:locale\" content=\"en_US\" \/>\n<meta property=\"og:type\" content=\"article\" \/>\n<meta property=\"og:title\" content=\"Bianco Assoluto - Concept 05 Design\" \/>\n<meta property=\"og:description\" content=\"Essenza Collection- Bianco Assoluto  The whitest material of all. Purity and luminosity shine through in this shade, with incomparable whiteness and brilliance. Available thicknesses     12 mm    20 mm   Available finishesBianco Assoluto is available in 6 different surface finishes. Choose the one that best reflects the style of your project and optimizes its performance. All finishes are obtained by a mechanical process, without printing or synthetic materials.\" \/>\n<meta property=\"og:url\" content=\"https:\/\/concept05design.com\/en\/produit\/bianco-assoluto\/\" \/>\n<meta property=\"og:site_name\" content=\"Concept 05 Design\" \/>\n<meta property=\"article:modified_time\" content=\"2025-08-11T20:18:36+00:00\" \/>\n<meta property=\"og:image\" content=\"https:\/\/concept05design.com\/wp-content\/uploads\/2025\/08\/Copy-of-Copy-of-Your-paragraph-text-3-6.png\" \/>\n\t<meta property=\"og:image:width\" content=\"640\" \/>\n\t<meta property=\"og:image:height\" content=\"640\" \/>\n\t<meta property=\"og:image:type\" content=\"image\/png\" \/>\n<meta name=\"twitter:card\" content=\"summary_large_image\" \/>\n<meta name=\"twitter:label1\" content=\"Est. reading time\" \/>\n\t<meta name=\"twitter:data1\" content=\"2 minutes\" \/>\n<script type=\"application\/ld+json\" class=\"yoast-schema-graph\">{\"@context\":\"https:\\\/\\\/schema.org\",\"@graph\":[{\"@type\":\"WebPage\",\"@id\":\"https:\\\/\\\/concept05design.com\\\/en\\\/produit\\\/bianco-assoluto\\\/\",\"url\":\"https:\\\/\\\/concept05design.com\\\/en\\\/produit\\\/bianco-assoluto\\\/\",\"name\":\"Bianco Assoluto - Concept 05 Design\",\"isPartOf\":{\"@id\":\"https:\\\/\\\/concept05design.com\\\/en\\\/#website\"},\"primaryImageOfPage\":{\"@id\":\"https:\\\/\\\/concept05design.com\\\/en\\\/produit\\\/bianco-assoluto\\\/#primaryimage\"},\"image\":{\"@id\":\"https:\\\/\\\/concept05design.com\\\/en\\\/produit\\\/bianco-assoluto\\\/#primaryimage\"},\"thumbnailUrl\":\"https:\\\/\\\/concept05design.com\\\/wp-content\\\/uploads\\\/2025\\\/08\\\/Copy-of-Copy-of-Your-paragraph-text-3-6.png\",\"datePublished\":\"2025-08-11T18:35:21+00:00\",\"dateModified\":\"2025-08-11T20:18:36+00:00\",\"breadcrumb\":{\"@id\":\"https:\\\/\\\/concept05design.com\\\/en\\\/produit\\\/bianco-assoluto\\\/#breadcrumb\"},\"inLanguage\":\"en-US\",\"potentialAction\":[{\"@type\":\"ReadAction\",\"target\":[\"https:\\\/\\\/concept05design.com\\\/en\\\/produit\\\/bianco-assoluto\\\/\"]}]},{\"@type\":\"ImageObject\",\"inLanguage\":\"en-US\",\"@id\":\"https:\\\/\\\/concept05design.com\\\/en\\\/produit\\\/bianco-assoluto\\\/#primaryimage\",\"url\":\"https:\\\/\\\/concept05design.com\\\/wp-content\\\/uploads\\\/2025\\\/08\\\/Copy-of-Copy-of-Your-paragraph-text-3-6.png\",\"contentUrl\":\"https:\\\/\\\/concept05design.com\\\/wp-content\\\/uploads\\\/2025\\\/08\\\/Copy-of-Copy-of-Your-paragraph-text-3-6.png\",\"width\":640,\"height\":640},{\"@type\":\"BreadcrumbList\",\"@id\":\"https:\\\/\\\/concept05design.com\\\/en\\\/produit\\\/bianco-assoluto\\\/#breadcrumb\",\"itemListElement\":[{\"@type\":\"ListItem\",\"position\":1,\"name\":\"Accueil\",\"item\":\"https:\\\/\\\/concept05design.com\\\/en\\\/\"},{\"@type\":\"ListItem\",\"position\":2,\"name\":\"Shop\",\"item\":\"https:\\\/\\\/concept05design.com\\\/shop\\\/\"},{\"@type\":\"ListItem\",\"position\":3,\"name\":\"Bianco Assoluto\"}]},{\"@type\":\"WebSite\",\"@id\":\"https:\\\/\\\/concept05design.com\\\/en\\\/#website\",\"url\":\"https:\\\/\\\/concept05design.com\\\/en\\\/\",\"name\":\"Concept 05 Design\",\"description\":\"Du Concept \u00e0 la R\u00e9alit\u00e9 : Votre Vision, Notre Mission\",\"potentialAction\":[{\"@type\":\"SearchAction\",\"target\":{\"@type\":\"EntryPoint\",\"urlTemplate\":\"https:\\\/\\\/concept05design.com\\\/en\\\/?s={search_term_string}\"},\"query-input\":{\"@type\":\"PropertyValueSpecification\",\"valueRequired\":true,\"valueName\":\"search_term_string\"}}],\"inLanguage\":\"en-US\"}]}<\/script>\n<!-- \/ Yoast SEO plugin. -->","yoast_head_json":{"title":"Bianco Assoluto - Concept 05 Design","robots":{"index":"index","follow":"follow","max-snippet":"max-snippet:-1","max-image-preview":"max-image-preview:large","max-video-preview":"max-video-preview:-1"},"canonical":"https:\/\/concept05design.com\/en\/produit\/bianco-assoluto\/","og_locale":"en_US","og_type":"article","og_title":"Bianco Assoluto - Concept 05 Design","og_description":"Essenza Collection- Bianco Assoluto  The whitest material of all. Purity and luminosity shine through in this shade, with incomparable whiteness and brilliance. Available thicknesses     12 mm    20 mm   Available finishesBianco Assoluto is available in 6 different surface finishes. Choose the one that best reflects the style of your project and optimizes its performance. All finishes are obtained by a mechanical process, without printing or synthetic materials.","og_url":"https:\/\/concept05design.com\/en\/produit\/bianco-assoluto\/","og_site_name":"Concept 05 Design","article_modified_time":"2025-08-11T20:18:36+00:00","og_image":[{"width":640,"height":640,"url":"https:\/\/concept05design.com\/wp-content\/uploads\/2025\/08\/Copy-of-Copy-of-Your-paragraph-text-3-6.png","type":"image\/png"}],"twitter_card":"summary_large_image","twitter_misc":{"Est. reading time":"2 minutes"},"schema":{"@context":"https:\/\/schema.org","@graph":[{"@type":"WebPage","@id":"https:\/\/concept05design.com\/en\/produit\/bianco-assoluto\/","url":"https:\/\/concept05design.com\/en\/produit\/bianco-assoluto\/","name":"Bianco Assoluto - Concept 05 Design","isPartOf":{"@id":"https:\/\/concept05design.com\/en\/#website"},"primaryImageOfPage":{"@id":"https:\/\/concept05design.com\/en\/produit\/bianco-assoluto\/#primaryimage"},"image":{"@id":"https:\/\/concept05design.com\/en\/produit\/bianco-assoluto\/#primaryimage"},"thumbnailUrl":"https:\/\/concept05design.com\/wp-content\/uploads\/2025\/08\/Copy-of-Copy-of-Your-paragraph-text-3-6.png","datePublished":"2025-08-11T18:35:21+00:00","dateModified":"2025-08-11T20:18:36+00:00","breadcrumb":{"@id":"https:\/\/concept05design.com\/en\/produit\/bianco-assoluto\/#breadcrumb"},"inLanguage":"en-US","potentialAction":[{"@type":"ReadAction","target":["https:\/\/concept05design.com\/en\/produit\/bianco-assoluto\/"]}]},{"@type":"ImageObject","inLanguage":"en-US","@id":"https:\/\/concept05design.com\/en\/produit\/bianco-assoluto\/#primaryimage","url":"https:\/\/concept05design.com\/wp-content\/uploads\/2025\/08\/Copy-of-Copy-of-Your-paragraph-text-3-6.png","contentUrl":"https:\/\/concept05design.com\/wp-content\/uploads\/2025\/08\/Copy-of-Copy-of-Your-paragraph-text-3-6.png","width":640,"height":640},{"@type":"BreadcrumbList","@id":"https:\/\/concept05design.com\/en\/produit\/bianco-assoluto\/#breadcrumb","itemListElement":[{"@type":"ListItem","position":1,"name":"Accueil","item":"https:\/\/concept05design.com\/en\/"},{"@type":"ListItem","position":2,"name":"Shop","item":"https:\/\/concept05design.com\/shop\/"},{"@type":"ListItem","position":3,"name":"Bianco Assoluto"}]},{"@type":"WebSite","@id":"https:\/\/concept05design.com\/en\/#website","url":"https:\/\/concept05design.com\/en\/","name":"Concept 05 Design","description":"Du Concept \u00e0 la R\u00e9alit\u00e9 : Votre Vision, Notre Mission","potentialAction":[{"@type":"SearchAction","target":{"@type":"EntryPoint","urlTemplate":"https:\/\/concept05design.com\/en\/?s={search_term_string}"},"query-input":{"@type":"PropertyValueSpecification","valueRequired":true,"valueName":"search_term_string"}}],"inLanguage":"en-US"}]}},"_links":{"self":[{"href":"https:\/\/concept05design.com\/en\/wp-json\/wp\/v2\/product\/7187","targetHints":{"allow":["GET"]}}],"collection":[{"href":"https:\/\/concept05design.com\/en\/wp-json\/wp\/v2\/product"}],"about":[{"href":"https:\/\/concept05design.com\/en\/wp-json\/wp\/v2\/types\/product"}],"wp:featuredmedia":[{"embeddable":true,"href":"https:\/\/concept05design.com\/en\/wp-json\/wp\/v2\/media\/7185"}],"wp:attachment":[{"href":"https:\/\/concept05design.com\/en\/wp-json\/wp\/v2\/media?parent=7187"}],"wp:term":[{"taxonomy":"product_brand","embeddable":true,"href":"https:\/\/concept05design.com\/en\/wp-json\/wp\/v2\/product_brand?post=7187"},{"taxonomy":"product_cat","embeddable":true,"href":"https:\/\/concept05design.com\/en\/wp-json\/wp\/v2\/product_cat?post=7187"},{"taxonomy":"product_tag","embeddable":true,"href":"https:\/\/concept05design.com\/en\/wp-json\/wp\/v2\/product_tag?post=7187"}],"curies":[{"name":"wp","href":"https:\/\/api.w.org\/{rel}","templated":true}]}}