{"id":7520,"date":"2025-08-16T14:16:43","date_gmt":"2025-08-16T14:16:43","guid":{"rendered":"https:\/\/concept05design.com\/produit\/shaker-mince-plating\/"},"modified":"2025-08-16T14:18:21","modified_gmt":"2025-08-16T14:18:21","slug":"shaker-mince-plating","status":"publish","type":"product","link":"https:\/\/concept05design.com\/en\/produit\/shaker-mince-plating\/","title":{"rendered":"Shaker Mince Plating"},"content":{"rendered":"<table class=\"specs-table\" border=\"1\" cellspacing=\"0\" cellpadding=\"8\">\n<thead>\n<tr>\n<th>Category<\/th>\n<th>Dimensions<\/th>\n<th>Description<\/th>\n<\/tr>\n<\/thead>\n<tbody><!-- Base Cabinet - Une Porte Une Tiroir --><\/p>\n<tr>\n<td rowspan=\"4\">Basic cabinet &#8211; 1 door 1 drawer<\/td>\n<td>12 &#8220;W x 34.5 &#8220;H x 24 &#8220;D<\/td>\n<td>1 door, 1 drawer, 1 shelf<\/td>\n<\/tr>\n<tr>\n<td>15&#8243; W x 34.5&#8243; H x 24&#8243; D<\/td>\n<td>1 door, 1 drawer, 1 shelf<\/td>\n<\/tr>\n<tr>\n<td>18&#8243; W x 34.5&#8243; H x 24&#8243; D<\/td>\n<td>1 door, 1 drawer, 1 shelf<\/td>\n<\/tr>\n<tr>\n<td>21&#8243; W x 34.5&#8243; H x 24&#8243; D<\/td>\n<td>1 door, 1 drawer, 1 shelf<\/td>\n<\/tr>\n<p><!-- Base Cabinet - Deux Portes Une Tiroir --><\/p>\n<tr>\n<td rowspan=\"5\">Basic cabinet &#8211; 2 doors 1 drawer<\/td>\n<td>24&#8243; W x 34.5&#8243; H x 24&#8243; D<\/td>\n<td>2 doors, 1 drawer, 1 shelf<\/td>\n<\/tr>\n<tr>\n<td>27&#8243; W x 34.5&#8243; H x 24&#8243; D<\/td>\n<td>2 doors, 1 drawer, 1 shelf<\/td>\n<\/tr>\n<tr>\n<td>30&#8243; W x 34.5&#8243; H x 24&#8243; D<\/td>\n<td>2 doors, 1 drawer, 1 shelf<\/td>\n<\/tr>\n<tr>\n<td>33&#8243; W x 34.5&#8243; H x 24&#8243; D<\/td>\n<td>2 doors, 1 drawer, 1 shelf<\/td>\n<\/tr>\n<tr>\n<td>36&#8243; W x 34.5&#8243; H x 24&#8243; D<\/td>\n<td>2 doors, 1 drawer, 1 shelf<\/td>\n<\/tr>\n<p><!-- Base Cabinet - Deux Portes Deux Tiroirs --><\/p>\n<tr>\n<td>Basic cabinet &#8211; 2 doors 2 drawers<\/td>\n<td>42&#8243; W x 34.5&#8243; H x 24&#8243; D<\/td>\n<td>2 doors, 2 drawers, 1 shelf<\/td>\n<\/tr>\n<p><!-- Drawer Base - Porte Compl\u00e8te --><\/p>\n<tr>\n<td rowspan=\"11\">Drawer base &#8211; Full door<\/td>\n<td>9&#8243; W x 34.5&#8243; H x 24&#8243; D<\/td>\n<td>1 door<\/td>\n<\/tr>\n<tr>\n<td>12&#8243; W x 34.5&#8243; H x 24&#8243; D<\/td>\n<td>1 door<\/td>\n<\/tr>\n<tr>\n<td>15&#8243; W x 34.5&#8243; H x 24&#8243; D<\/td>\n<td>1 door<\/td>\n<\/tr>\n<tr>\n<td>18&#8243; W x 34.5&#8243; H x 24&#8243; D<\/td>\n<td>1 door (optional sliding tray)<\/td>\n<\/tr>\n<tr>\n<td>21&#8243; W x 34.5&#8243; H x 24&#8243; D<\/td>\n<td>1 door (optional sliding tray)<\/td>\n<\/tr>\n<tr>\n<td>24&#8243; W x 34.5&#8243; H x 24&#8243; D<\/td>\n<td>1 door (optional sliding tray)<\/td>\n<\/tr>\n<tr>\n<td>24&#8243; W x 34.5&#8243; H x 24&#8243; D<\/td>\n<td>2 doors (optional sliding tray)<\/td>\n<\/tr>\n<tr>\n<td>27&#8243; W x 34.5&#8243; H x 24&#8243; D<\/td>\n<td>2 doors (optional sliding tray)<\/td>\n<\/tr>\n<tr>\n<td>30&#8243; W x 34.5&#8243; H x 24&#8243; D<\/td>\n<td>2 doors (optional sliding tray)<\/td>\n<\/tr>\n<tr>\n<td>33&#8243; W x 34.5&#8243; H x 24&#8243; D<\/td>\n<td>2 doors (optional sliding tray)<\/td>\n<\/tr>\n<tr>\n<td>36&#8243; W x 34.5&#8243; H x 24&#8243; D<\/td>\n<td>2 doors (optional sliding tray)<\/td>\n<\/tr>\n<\/tbody>\n<\/table>\n","protected":false},"excerpt":{"rendered":"<ul>\n<li class=\"p1\">\n<p class=\"p1\">Style Code: SSV<\/p>\n<\/li>\n<li class=\"p1\">\n<p class=\"p1\">Material: MDF and solid wood frame<\/p>\n<\/li>\n<li class=\"p1\">\n<p class=\"p1\">Finish : Veneer<\/p>\n<\/li>\n<\/ul>\n<p>Our cabinets are designed to offer maximum flexibility and adapt to all styles and needs. Available in a wide range of sizes and configurations, they can be customized to perfectly match your kitchen, bathroom or other space. Whether you&#8217;re looking for cabinets with one, two or three doors, multiple drawers, sink options or clever corners, our selection offers practical and aesthetic solutions to create the interior of your dreams.  <\/p>\n","protected":false},"featured_media":7517,"template":"","meta":[],"product_brand":[],"product_cat":[504,503,505],"product_tag":[],"class_list":{"0":"post-7520","1":"product","2":"type-product","3":"status-publish","4":"has-post-thumbnail","6":"product_cat-cabinet-doors","7":"product_cat-kitchen-and-vanity","8":"product_cat-shaker-en","10":"first","11":"instock","12":"shipping-taxable","13":"product-type-simple"},"yoast_head":"<!-- This site is optimized with the Yoast SEO plugin v27.6 - https:\/\/yoast.com\/product\/yoast-seo-wordpress\/ -->\n<title>Shaker Mince Plating - Concept 05 Design<\/title>\n<meta name=\"robots\" content=\"index, follow, max-snippet:-1, max-image-preview:large, max-video-preview:-1\" \/>\n<link rel=\"canonical\" href=\"https:\/\/concept05design.com\/en\/produit\/shaker-mince-plating\/\" \/>\n<meta property=\"og:locale\" content=\"en_US\" \/>\n<meta property=\"og:type\" content=\"article\" \/>\n<meta property=\"og:title\" content=\"Shaker Mince Plating - Concept 05 Design\" \/>\n<meta property=\"og:description\" content=\"Style Code: SSV   Material: MDF and solid wood frame   Finish : Veneer  Our cabinets are designed to offer maximum flexibility and adapt to all styles and needs. Available in a wide range of sizes and configurations, they can be customized to perfectly match your kitchen, bathroom or other space. Whether you&#039;re looking for cabinets with one, two or three doors, multiple drawers, sink options or clever corners, our selection offers practical and aesthetic solutions to create the interior of your dreams.\" \/>\n<meta property=\"og:url\" content=\"https:\/\/concept05design.com\/en\/produit\/shaker-mince-plating\/\" \/>\n<meta property=\"og:site_name\" content=\"Concept 05 Design\" \/>\n<meta property=\"article:modified_time\" content=\"2025-08-16T14:18:21+00:00\" \/>\n<meta property=\"og:image\" content=\"https:\/\/concept05design.com\/wp-content\/uploads\/2025\/08\/Slim-shaker-venner-kitchen.jpeg\" \/>\n\t<meta property=\"og:image:width\" content=\"1075\" \/>\n\t<meta property=\"og:image:height\" content=\"1479\" \/>\n\t<meta property=\"og:image:type\" content=\"image\/jpeg\" \/>\n<meta name=\"twitter:card\" content=\"summary_large_image\" \/>\n<meta name=\"twitter:label1\" content=\"Est. reading time\" \/>\n\t<meta name=\"twitter:data1\" content=\"1 minute\" \/>\n<script type=\"application\/ld+json\" class=\"yoast-schema-graph\">{\"@context\":\"https:\\\/\\\/schema.org\",\"@graph\":[{\"@type\":\"WebPage\",\"@id\":\"https:\\\/\\\/concept05design.com\\\/en\\\/produit\\\/shaker-mince-plating\\\/\",\"url\":\"https:\\\/\\\/concept05design.com\\\/en\\\/produit\\\/shaker-mince-plating\\\/\",\"name\":\"Shaker Mince Plating - Concept 05 Design\",\"isPartOf\":{\"@id\":\"https:\\\/\\\/concept05design.com\\\/en\\\/#website\"},\"primaryImageOfPage\":{\"@id\":\"https:\\\/\\\/concept05design.com\\\/en\\\/produit\\\/shaker-mince-plating\\\/#primaryimage\"},\"image\":{\"@id\":\"https:\\\/\\\/concept05design.com\\\/en\\\/produit\\\/shaker-mince-plating\\\/#primaryimage\"},\"thumbnailUrl\":\"https:\\\/\\\/concept05design.com\\\/wp-content\\\/uploads\\\/2025\\\/08\\\/Slim-shaker-venner-kitchen.jpeg\",\"datePublished\":\"2025-08-16T14:16:43+00:00\",\"dateModified\":\"2025-08-16T14:18:21+00:00\",\"breadcrumb\":{\"@id\":\"https:\\\/\\\/concept05design.com\\\/en\\\/produit\\\/shaker-mince-plating\\\/#breadcrumb\"},\"inLanguage\":\"en-US\",\"potentialAction\":[{\"@type\":\"ReadAction\",\"target\":[\"https:\\\/\\\/concept05design.com\\\/en\\\/produit\\\/shaker-mince-plating\\\/\"]}]},{\"@type\":\"ImageObject\",\"inLanguage\":\"en-US\",\"@id\":\"https:\\\/\\\/concept05design.com\\\/en\\\/produit\\\/shaker-mince-plating\\\/#primaryimage\",\"url\":\"https:\\\/\\\/concept05design.com\\\/wp-content\\\/uploads\\\/2025\\\/08\\\/Slim-shaker-venner-kitchen.jpeg\",\"contentUrl\":\"https:\\\/\\\/concept05design.com\\\/wp-content\\\/uploads\\\/2025\\\/08\\\/Slim-shaker-venner-kitchen.jpeg\",\"width\":1075,\"height\":1479},{\"@type\":\"BreadcrumbList\",\"@id\":\"https:\\\/\\\/concept05design.com\\\/en\\\/produit\\\/shaker-mince-plating\\\/#breadcrumb\",\"itemListElement\":[{\"@type\":\"ListItem\",\"position\":1,\"name\":\"Accueil\",\"item\":\"https:\\\/\\\/concept05design.com\\\/en\\\/\"},{\"@type\":\"ListItem\",\"position\":2,\"name\":\"Shop\",\"item\":\"https:\\\/\\\/concept05design.com\\\/shop\\\/\"},{\"@type\":\"ListItem\",\"position\":3,\"name\":\"Shaker Mince Plating\"}]},{\"@type\":\"WebSite\",\"@id\":\"https:\\\/\\\/concept05design.com\\\/en\\\/#website\",\"url\":\"https:\\\/\\\/concept05design.com\\\/en\\\/\",\"name\":\"Concept 05 Design\",\"description\":\"Du Concept \u00e0 la R\u00e9alit\u00e9 : Votre Vision, Notre Mission\",\"potentialAction\":[{\"@type\":\"SearchAction\",\"target\":{\"@type\":\"EntryPoint\",\"urlTemplate\":\"https:\\\/\\\/concept05design.com\\\/en\\\/?s={search_term_string}\"},\"query-input\":{\"@type\":\"PropertyValueSpecification\",\"valueRequired\":true,\"valueName\":\"search_term_string\"}}],\"inLanguage\":\"en-US\"}]}<\/script>\n<!-- \/ Yoast SEO plugin. -->","yoast_head_json":{"title":"Shaker Mince Plating - Concept 05 Design","robots":{"index":"index","follow":"follow","max-snippet":"max-snippet:-1","max-image-preview":"max-image-preview:large","max-video-preview":"max-video-preview:-1"},"canonical":"https:\/\/concept05design.com\/en\/produit\/shaker-mince-plating\/","og_locale":"en_US","og_type":"article","og_title":"Shaker Mince Plating - Concept 05 Design","og_description":"Style Code: SSV   Material: MDF and solid wood frame   Finish : Veneer  Our cabinets are designed to offer maximum flexibility and adapt to all styles and needs. Available in a wide range of sizes and configurations, they can be customized to perfectly match your kitchen, bathroom or other space. Whether you're looking for cabinets with one, two or three doors, multiple drawers, sink options or clever corners, our selection offers practical and aesthetic solutions to create the interior of your dreams.","og_url":"https:\/\/concept05design.com\/en\/produit\/shaker-mince-plating\/","og_site_name":"Concept 05 Design","article_modified_time":"2025-08-16T14:18:21+00:00","og_image":[{"width":1075,"height":1479,"url":"https:\/\/concept05design.com\/wp-content\/uploads\/2025\/08\/Slim-shaker-venner-kitchen.jpeg","type":"image\/jpeg"}],"twitter_card":"summary_large_image","twitter_misc":{"Est. reading time":"1 minute"},"schema":{"@context":"https:\/\/schema.org","@graph":[{"@type":"WebPage","@id":"https:\/\/concept05design.com\/en\/produit\/shaker-mince-plating\/","url":"https:\/\/concept05design.com\/en\/produit\/shaker-mince-plating\/","name":"Shaker Mince Plating - Concept 05 Design","isPartOf":{"@id":"https:\/\/concept05design.com\/en\/#website"},"primaryImageOfPage":{"@id":"https:\/\/concept05design.com\/en\/produit\/shaker-mince-plating\/#primaryimage"},"image":{"@id":"https:\/\/concept05design.com\/en\/produit\/shaker-mince-plating\/#primaryimage"},"thumbnailUrl":"https:\/\/concept05design.com\/wp-content\/uploads\/2025\/08\/Slim-shaker-venner-kitchen.jpeg","datePublished":"2025-08-16T14:16:43+00:00","dateModified":"2025-08-16T14:18:21+00:00","breadcrumb":{"@id":"https:\/\/concept05design.com\/en\/produit\/shaker-mince-plating\/#breadcrumb"},"inLanguage":"en-US","potentialAction":[{"@type":"ReadAction","target":["https:\/\/concept05design.com\/en\/produit\/shaker-mince-plating\/"]}]},{"@type":"ImageObject","inLanguage":"en-US","@id":"https:\/\/concept05design.com\/en\/produit\/shaker-mince-plating\/#primaryimage","url":"https:\/\/concept05design.com\/wp-content\/uploads\/2025\/08\/Slim-shaker-venner-kitchen.jpeg","contentUrl":"https:\/\/concept05design.com\/wp-content\/uploads\/2025\/08\/Slim-shaker-venner-kitchen.jpeg","width":1075,"height":1479},{"@type":"BreadcrumbList","@id":"https:\/\/concept05design.com\/en\/produit\/shaker-mince-plating\/#breadcrumb","itemListElement":[{"@type":"ListItem","position":1,"name":"Accueil","item":"https:\/\/concept05design.com\/en\/"},{"@type":"ListItem","position":2,"name":"Shop","item":"https:\/\/concept05design.com\/shop\/"},{"@type":"ListItem","position":3,"name":"Shaker Mince Plating"}]},{"@type":"WebSite","@id":"https:\/\/concept05design.com\/en\/#website","url":"https:\/\/concept05design.com\/en\/","name":"Concept 05 Design","description":"Du Concept \u00e0 la R\u00e9alit\u00e9 : Votre Vision, Notre Mission","potentialAction":[{"@type":"SearchAction","target":{"@type":"EntryPoint","urlTemplate":"https:\/\/concept05design.com\/en\/?s={search_term_string}"},"query-input":{"@type":"PropertyValueSpecification","valueRequired":true,"valueName":"search_term_string"}}],"inLanguage":"en-US"}]}},"_links":{"self":[{"href":"https:\/\/concept05design.com\/en\/wp-json\/wp\/v2\/product\/7520","targetHints":{"allow":["GET"]}}],"collection":[{"href":"https:\/\/concept05design.com\/en\/wp-json\/wp\/v2\/product"}],"about":[{"href":"https:\/\/concept05design.com\/en\/wp-json\/wp\/v2\/types\/product"}],"wp:featuredmedia":[{"embeddable":true,"href":"https:\/\/concept05design.com\/en\/wp-json\/wp\/v2\/media\/7517"}],"wp:attachment":[{"href":"https:\/\/concept05design.com\/en\/wp-json\/wp\/v2\/media?parent=7520"}],"wp:term":[{"taxonomy":"product_brand","embeddable":true,"href":"https:\/\/concept05design.com\/en\/wp-json\/wp\/v2\/product_brand?post=7520"},{"taxonomy":"product_cat","embeddable":true,"href":"https:\/\/concept05design.com\/en\/wp-json\/wp\/v2\/product_cat?post=7520"},{"taxonomy":"product_tag","embeddable":true,"href":"https:\/\/concept05design.com\/en\/wp-json\/wp\/v2\/product_tag?post=7520"}],"curies":[{"name":"wp","href":"https:\/\/api.w.org\/{rel}","templated":true}]}}