{"id":8056,"date":"2025-11-08T00:42:52","date_gmt":"2025-11-08T00:42:52","guid":{"rendered":"https:\/\/concept05design.com\/produit\/boreale\/"},"modified":"2025-11-08T00:42:52","modified_gmt":"2025-11-08T00:42:52","slug":"boreale","status":"publish","type":"product","link":"https:\/\/concept05design.com\/en\/produit\/boreale\/","title":{"rendered":"Boreale"},"content":{"rendered":"<style>\n  .modern-table {\n    width: 100%;\n    border-collapse: separate;\n    border-spacing: 25px 25px; \/* espace entre les \u00e9l\u00e9ments *\/\n  }<\/p>\n<p>  .modern-table td {\n    text-align: center;\n    padding: 20px;\n    background: #ffffff00; \/* transparent *\/\n  }<\/p>\n<p>  .modern-card {\n    padding: 20px;\n    border-radius: 16px;\n    box-shadow: 0 4px 16px rgba(0,0,0,0.08);\n    background: #fff;\n  }<\/p>\n<p>  .modern-card ul {\n    list-style: none;\n    padding: 0;\n    margin-top: 10px;\n  }<\/p>\n<p>  .modern-card ul li {\n    padding: 6px 0;\n    font-size: 15px;\n    border-bottom: 1px solid #eee;\n  }<\/p>\n<p>  .modern-card ul li:last-child {\n    border-bottom: none;\n  }\n<\/style>\n<table class=\"modern-table\">\n<tbody>\n<tr>\n<td>\n<div class=\"modern-card\">\n  <img decoding=\"async\" class=\"alignnone size-medium wp-image-8048\" src=\"https:\/\/concept05design.com\/wp-content\/uploads\/2025\/11\/select-1-300x148.png\" width=\"300\" height=\"148\" srcset=\"https:\/\/concept05design.com\/wp-content\/uploads\/2025\/11\/select-1-200x98.png 200w, https:\/\/concept05design.com\/wp-content\/uploads\/2025\/11\/select-1-300x148.png 300w, https:\/\/concept05design.com\/wp-content\/uploads\/2025\/11\/select-1-400x197.png 400w, https:\/\/concept05design.com\/wp-content\/uploads\/2025\/11\/select-1-500x246.png 500w, https:\/\/concept05design.com\/wp-content\/uploads\/2025\/11\/select-1-600x295.png 600w, https:\/\/concept05design.com\/wp-content\/uploads\/2025\/11\/select-1-700x345.png 700w, https:\/\/concept05design.com\/wp-content\/uploads\/2025\/11\/select-1-768x378.png 768w, https:\/\/concept05design.com\/wp-content\/uploads\/2025\/11\/select-1-800x394.png 800w, https:\/\/concept05design.com\/wp-content\/uploads\/2025\/11\/select-1-1024x504.png 1024w, https:\/\/concept05design.com\/wp-content\/uploads\/2025\/11\/select-1-1200x591.png 1200w, https:\/\/concept05design.com\/wp-content\/uploads\/2025\/11\/select-1.png 1438w\" sizes=\"(max-width: 300px) 100vw, 300px\" \/><\/p>\n<h2>Select<\/h2>\n<ul>\n<li>Grade : A, B<\/li>\n<li>Combination of sapwood and natural color variation.<\/li>\n<li>Black or brown mineral streaks accepted<\/li>\n<li>Sound closed knots accepted, no paste filler accepted<\/li>\n<li>Length: 10&#8243;-78&#8243;<\/li>\n<li>Warranty: 25\/3 Years<\/li>\n<\/ul>\n<\/div>\n<\/td>\n<td>\n<div class=\"modern-card\">\n  <img decoding=\"async\" class=\"alignnone size-medium wp-image-8050\" src=\"https:\/\/concept05design.com\/wp-content\/uploads\/2025\/11\/select-plus-1-300x147.png\" width=\"300\" height=\"147\" srcset=\"https:\/\/concept05design.com\/wp-content\/uploads\/2025\/11\/select-plus-1-200x98.png 200w, https:\/\/concept05design.com\/wp-content\/uploads\/2025\/11\/select-plus-1-300x147.png 300w, https:\/\/concept05design.com\/wp-content\/uploads\/2025\/11\/select-plus-1-400x196.png 400w, https:\/\/concept05design.com\/wp-content\/uploads\/2025\/11\/select-plus-1-500x245.png 500w, https:\/\/concept05design.com\/wp-content\/uploads\/2025\/11\/select-plus-1-600x294.png 600w, https:\/\/concept05design.com\/wp-content\/uploads\/2025\/11\/select-plus-1-700x343.png 700w, https:\/\/concept05design.com\/wp-content\/uploads\/2025\/11\/select-plus-1-768x376.png 768w, https:\/\/concept05design.com\/wp-content\/uploads\/2025\/11\/select-plus-1-800x392.png 800w, https:\/\/concept05design.com\/wp-content\/uploads\/2025\/11\/select-plus-1-1024x501.png 1024w, https:\/\/concept05design.com\/wp-content\/uploads\/2025\/11\/select-plus-1-1200x587.png 1200w, https:\/\/concept05design.com\/wp-content\/uploads\/2025\/11\/select-plus-1.png 1438w\" sizes=\"(max-width: 300px) 100vw, 300px\" \/><\/p>\n<h2>Select Plus<\/h2>\n<ul>\n<li>Grade : A, B, C<\/li>\n<li>Combination of coloring, from light to pronounced, with rustic character.<\/li>\n<li>All color variations accepted<\/li>\n<li>Knots, and shakes and checks accepted<\/li>\n<li>Pith and worm holes acceptedM\u0153lle et trous d\u2019insectes accept\u00e9s<\/li>\n<li>Length: 10&#8243;-78&#8243;<\/li>\n<li>Warranty: 25\/3 Years<\/li>\n<\/ul>\n<\/div>\n<\/td>\n<\/tr>\n<tr>\n<td>\n<div class=\"modern-card\">\n  <img decoding=\"async\" class=\"alignnone wp-image-8052\" src=\"https:\/\/concept05design.com\/wp-content\/uploads\/2025\/11\/character-1-300x147.png\" width=\"300\" height=\"147\" srcset=\"https:\/\/concept05design.com\/wp-content\/uploads\/2025\/11\/character-1-200x98.png 200w, https:\/\/concept05design.com\/wp-content\/uploads\/2025\/11\/character-1-300x147.png 300w, https:\/\/concept05design.com\/wp-content\/uploads\/2025\/11\/character-1-400x196.png 400w, https:\/\/concept05design.com\/wp-content\/uploads\/2025\/11\/character-1-500x245.png 500w, https:\/\/concept05design.com\/wp-content\/uploads\/2025\/11\/character-1-600x294.png 600w, https:\/\/concept05design.com\/wp-content\/uploads\/2025\/11\/character-1-700x343.png 700w, https:\/\/concept05design.com\/wp-content\/uploads\/2025\/11\/character-1-768x376.png 768w, https:\/\/concept05design.com\/wp-content\/uploads\/2025\/11\/character-1-800x392.png 800w, https:\/\/concept05design.com\/wp-content\/uploads\/2025\/11\/character-1-1024x501.png 1024w, https:\/\/concept05design.com\/wp-content\/uploads\/2025\/11\/character-1-1200x587.png 1200w, https:\/\/concept05design.com\/wp-content\/uploads\/2025\/11\/character-1.png 1438w\" sizes=\"(max-width: 300px) 100vw, 300px\" \/><\/p>\n<h2>Character<\/h2>\n<ul>\n<li>Grade : A, B, C, D<\/li>\n<li>Mix of coloring, from moderate to pronounced, with rustic character.<\/li>\n<li>All color variations accepted<\/li>\n<li>Knots, and shakes and checks accepted<\/li>\n<li>Pith and worm holes accepted<\/li>\n<li>Length : 10&#8243;-36&#8243;<\/li>\n<li>Warranty: None<\/li>\n<\/ul>\n<\/div>\n<\/td>\n<\/tr>\n<\/tbody>\n<\/table>\n","protected":false},"excerpt":{"rendered":"<p>Capture beautiful colors, knots and mineral streaks in this Bor\u00e9ale Collection.<br data-start=\"146\" data-end=\"149\">Offering an attractive color with many undertones and perfect balance, this flooring is a great addition to any existing decor.<br data-start=\"291\" data-end=\"294\">Micro-beveled edges adorn all sides and is great inspiration to makeover your home.<br data-start=\"408\" data-end=\"411\">This flooring is crafted in Northern Canada, giving it a natural strength.<\/p>\n","protected":false},"featured_media":8055,"template":"","meta":[],"product_brand":[],"product_cat":[525,524],"product_tag":[],"class_list":{"0":"post-8056","1":"product","2":"type-product","3":"status-publish","4":"has-post-thumbnail","6":"product_cat-boreale","7":"product_cat-hardwood","9":"first","10":"instock","11":"shipping-taxable","12":"product-type-simple"},"yoast_head":"<!-- This site is optimized with the Yoast SEO plugin v27.4 - https:\/\/yoast.com\/product\/yoast-seo-wordpress\/ -->\n<title>Boreale - Concept 05 Design<\/title>\n<meta name=\"robots\" content=\"index, follow, max-snippet:-1, max-image-preview:large, max-video-preview:-1\" \/>\n<link rel=\"canonical\" href=\"https:\/\/concept05design.com\/en\/produit\/boreale\/\" \/>\n<meta property=\"og:locale\" content=\"en_US\" \/>\n<meta property=\"og:type\" content=\"article\" \/>\n<meta property=\"og:title\" content=\"Boreale - Concept 05 Design\" \/>\n<meta property=\"og:description\" content=\"Capture beautiful colors, knots and mineral streaks in this Bor\u00e9ale Collection.Offering an attractive color with many undertones and perfect balance, this flooring is a great addition to any existing decor.Micro-beveled edges adorn all sides and is great inspiration to makeover your home.This flooring is crafted in Northern Canada, giving it a natural strength.\" \/>\n<meta property=\"og:url\" content=\"https:\/\/concept05design.com\/en\/produit\/boreale\/\" \/>\n<meta property=\"og:site_name\" content=\"Concept 05 Design\" \/>\n<meta property=\"og:image\" content=\"https:\/\/concept05design.com\/wp-content\/uploads\/2025\/11\/Your-paragraph-text-4.png\" \/>\n\t<meta property=\"og:image:width\" content=\"640\" \/>\n\t<meta property=\"og:image:height\" content=\"640\" \/>\n\t<meta property=\"og:image:type\" content=\"image\/png\" \/>\n<meta name=\"twitter:card\" content=\"summary_large_image\" \/>\n<meta name=\"twitter:label1\" content=\"Est. reading time\" \/>\n\t<meta name=\"twitter:data1\" content=\"1 minute\" \/>\n<script type=\"application\/ld+json\" class=\"yoast-schema-graph\">{\"@context\":\"https:\\\/\\\/schema.org\",\"@graph\":[{\"@type\":\"WebPage\",\"@id\":\"https:\\\/\\\/concept05design.com\\\/en\\\/produit\\\/boreale\\\/\",\"url\":\"https:\\\/\\\/concept05design.com\\\/en\\\/produit\\\/boreale\\\/\",\"name\":\"Boreale - Concept 05 Design\",\"isPartOf\":{\"@id\":\"https:\\\/\\\/concept05design.com\\\/en\\\/#website\"},\"primaryImageOfPage\":{\"@id\":\"https:\\\/\\\/concept05design.com\\\/en\\\/produit\\\/boreale\\\/#primaryimage\"},\"image\":{\"@id\":\"https:\\\/\\\/concept05design.com\\\/en\\\/produit\\\/boreale\\\/#primaryimage\"},\"thumbnailUrl\":\"https:\\\/\\\/concept05design.com\\\/wp-content\\\/uploads\\\/2025\\\/11\\\/Your-paragraph-text-4.png\",\"datePublished\":\"2025-11-08T00:42:52+00:00\",\"breadcrumb\":{\"@id\":\"https:\\\/\\\/concept05design.com\\\/en\\\/produit\\\/boreale\\\/#breadcrumb\"},\"inLanguage\":\"en-US\",\"potentialAction\":[{\"@type\":\"ReadAction\",\"target\":[\"https:\\\/\\\/concept05design.com\\\/en\\\/produit\\\/boreale\\\/\"]}]},{\"@type\":\"ImageObject\",\"inLanguage\":\"en-US\",\"@id\":\"https:\\\/\\\/concept05design.com\\\/en\\\/produit\\\/boreale\\\/#primaryimage\",\"url\":\"https:\\\/\\\/concept05design.com\\\/wp-content\\\/uploads\\\/2025\\\/11\\\/Your-paragraph-text-4.png\",\"contentUrl\":\"https:\\\/\\\/concept05design.com\\\/wp-content\\\/uploads\\\/2025\\\/11\\\/Your-paragraph-text-4.png\",\"width\":640,\"height\":640,\"caption\":\"Boreale\"},{\"@type\":\"BreadcrumbList\",\"@id\":\"https:\\\/\\\/concept05design.com\\\/en\\\/produit\\\/boreale\\\/#breadcrumb\",\"itemListElement\":[{\"@type\":\"ListItem\",\"position\":1,\"name\":\"Accueil\",\"item\":\"https:\\\/\\\/concept05design.com\\\/en\\\/\"},{\"@type\":\"ListItem\",\"position\":2,\"name\":\"Shop\",\"item\":\"https:\\\/\\\/concept05design.com\\\/shop\\\/\"},{\"@type\":\"ListItem\",\"position\":3,\"name\":\"Boreale\"}]},{\"@type\":\"WebSite\",\"@id\":\"https:\\\/\\\/concept05design.com\\\/en\\\/#website\",\"url\":\"https:\\\/\\\/concept05design.com\\\/en\\\/\",\"name\":\"Concept 05 Design\",\"description\":\"Du Concept \u00e0 la R\u00e9alit\u00e9 : Votre Vision, Notre Mission\",\"potentialAction\":[{\"@type\":\"SearchAction\",\"target\":{\"@type\":\"EntryPoint\",\"urlTemplate\":\"https:\\\/\\\/concept05design.com\\\/en\\\/?s={search_term_string}\"},\"query-input\":{\"@type\":\"PropertyValueSpecification\",\"valueRequired\":true,\"valueName\":\"search_term_string\"}}],\"inLanguage\":\"en-US\"}]}<\/script>\n<!-- \/ Yoast SEO plugin. -->","yoast_head_json":{"title":"Boreale - Concept 05 Design","robots":{"index":"index","follow":"follow","max-snippet":"max-snippet:-1","max-image-preview":"max-image-preview:large","max-video-preview":"max-video-preview:-1"},"canonical":"https:\/\/concept05design.com\/en\/produit\/boreale\/","og_locale":"en_US","og_type":"article","og_title":"Boreale - Concept 05 Design","og_description":"Capture beautiful colors, knots and mineral streaks in this Bor\u00e9ale Collection.Offering an attractive color with many undertones and perfect balance, this flooring is a great addition to any existing decor.Micro-beveled edges adorn all sides and is great inspiration to makeover your home.This flooring is crafted in Northern Canada, giving it a natural strength.","og_url":"https:\/\/concept05design.com\/en\/produit\/boreale\/","og_site_name":"Concept 05 Design","og_image":[{"width":640,"height":640,"url":"https:\/\/concept05design.com\/wp-content\/uploads\/2025\/11\/Your-paragraph-text-4.png","type":"image\/png"}],"twitter_card":"summary_large_image","twitter_misc":{"Est. reading time":"1 minute"},"schema":{"@context":"https:\/\/schema.org","@graph":[{"@type":"WebPage","@id":"https:\/\/concept05design.com\/en\/produit\/boreale\/","url":"https:\/\/concept05design.com\/en\/produit\/boreale\/","name":"Boreale - Concept 05 Design","isPartOf":{"@id":"https:\/\/concept05design.com\/en\/#website"},"primaryImageOfPage":{"@id":"https:\/\/concept05design.com\/en\/produit\/boreale\/#primaryimage"},"image":{"@id":"https:\/\/concept05design.com\/en\/produit\/boreale\/#primaryimage"},"thumbnailUrl":"https:\/\/concept05design.com\/wp-content\/uploads\/2025\/11\/Your-paragraph-text-4.png","datePublished":"2025-11-08T00:42:52+00:00","breadcrumb":{"@id":"https:\/\/concept05design.com\/en\/produit\/boreale\/#breadcrumb"},"inLanguage":"en-US","potentialAction":[{"@type":"ReadAction","target":["https:\/\/concept05design.com\/en\/produit\/boreale\/"]}]},{"@type":"ImageObject","inLanguage":"en-US","@id":"https:\/\/concept05design.com\/en\/produit\/boreale\/#primaryimage","url":"https:\/\/concept05design.com\/wp-content\/uploads\/2025\/11\/Your-paragraph-text-4.png","contentUrl":"https:\/\/concept05design.com\/wp-content\/uploads\/2025\/11\/Your-paragraph-text-4.png","width":640,"height":640,"caption":"Boreale"},{"@type":"BreadcrumbList","@id":"https:\/\/concept05design.com\/en\/produit\/boreale\/#breadcrumb","itemListElement":[{"@type":"ListItem","position":1,"name":"Accueil","item":"https:\/\/concept05design.com\/en\/"},{"@type":"ListItem","position":2,"name":"Shop","item":"https:\/\/concept05design.com\/shop\/"},{"@type":"ListItem","position":3,"name":"Boreale"}]},{"@type":"WebSite","@id":"https:\/\/concept05design.com\/en\/#website","url":"https:\/\/concept05design.com\/en\/","name":"Concept 05 Design","description":"Du Concept \u00e0 la R\u00e9alit\u00e9 : Votre Vision, Notre Mission","potentialAction":[{"@type":"SearchAction","target":{"@type":"EntryPoint","urlTemplate":"https:\/\/concept05design.com\/en\/?s={search_term_string}"},"query-input":{"@type":"PropertyValueSpecification","valueRequired":true,"valueName":"search_term_string"}}],"inLanguage":"en-US"}]}},"_links":{"self":[{"href":"https:\/\/concept05design.com\/en\/wp-json\/wp\/v2\/product\/8056","targetHints":{"allow":["GET"]}}],"collection":[{"href":"https:\/\/concept05design.com\/en\/wp-json\/wp\/v2\/product"}],"about":[{"href":"https:\/\/concept05design.com\/en\/wp-json\/wp\/v2\/types\/product"}],"wp:featuredmedia":[{"embeddable":true,"href":"https:\/\/concept05design.com\/en\/wp-json\/wp\/v2\/media\/8055"}],"wp:attachment":[{"href":"https:\/\/concept05design.com\/en\/wp-json\/wp\/v2\/media?parent=8056"}],"wp:term":[{"taxonomy":"product_brand","embeddable":true,"href":"https:\/\/concept05design.com\/en\/wp-json\/wp\/v2\/product_brand?post=8056"},{"taxonomy":"product_cat","embeddable":true,"href":"https:\/\/concept05design.com\/en\/wp-json\/wp\/v2\/product_cat?post=8056"},{"taxonomy":"product_tag","embeddable":true,"href":"https:\/\/concept05design.com\/en\/wp-json\/wp\/v2\/product_tag?post=8056"}],"curies":[{"name":"wp","href":"https:\/\/api.w.org\/{rel}","templated":true}]}}