{"id":8189,"date":"2025-11-15T20:22:50","date_gmt":"2025-11-15T20:22:50","guid":{"rendered":"https:\/\/concept05design.com\/produit\/red-oak\/"},"modified":"2025-11-15T20:22:50","modified_gmt":"2025-11-15T20:22:50","slug":"red-oak","status":"publish","type":"product","link":"https:\/\/concept05design.com\/en\/produit\/red-oak\/","title":{"rendered":"Red Oak"},"content":{"rendered":"<style>\n  .modern-table {<br \/>\n    width: 100%;<br \/>\n    border-collapse: separate;<br \/>\n    border-spacing: 25px 25px; \/* espace entre les \u00e9l\u00e9ments *\/<br \/>\n  }<\/p>\n<p>  .modern-table td {<br \/>\n    text-align: center;<br \/>\n    padding: 20px;<br \/>\n    background: #ffffff00; \/* transparent *\/<br \/>\n  }<\/p>\n<p>  .modern-card {<br \/>\n    padding: 20px;<br \/>\n    border-radius: 16px;<br \/>\n    box-shadow: 0 4px 16px rgba(0,0,0,0.08);<br \/>\n    background: #fff;<br \/>\n  }<\/p>\n<p>  .modern-card ul {<br \/>\n    list-style: none;<br \/>\n    padding: 0;<br \/>\n    margin-top: 10px;<br \/>\n  }<\/p>\n<p>  .modern-card ul li {<br \/>\n    padding: 6px 0;<br \/>\n    font-size: 15px;<br \/>\n    border-bottom: 1px solid #eee;<br \/>\n  }<\/p>\n<p>  .modern-card ul li:last-child {<br \/>\n    border-bottom: none;<br \/>\n  }<br \/>\n<\/style>\n<table class=\"modern-table\">\n<tbody>\n<tr>\n<td>\n<div class=\"modern-card\"><img decoding=\"async\" class=\"alignnone size-medium wp-image-8048\" src=\"https:\/\/concept05design.com\/wp-content\/uploads\/2025\/11\/select-1.jpg\" width=\"300\" height=\"148\"><\/p>\n<h2>Select<\/h2>\n<ul>\n<li>Grade : A, B<\/li>\n<li>Combination of sapwood and natural color variation.<\/li>\n<li>Black or brown mineral streaks accepted<\/li>\n<li>Sound closed knots accepted, no paste filler accepted<\/li>\n<li>Minimum length of 12 inches<\/li>\n<li>Average length of 30 to 36 inches<\/li>\n<li>Pin knots of 1\/16\u2019\u2019, open or not, accepted<\/li>\n<\/ul>\n<\/div>\n<\/td>\n<td>\n<div class=\"modern-card\"><img decoding=\"async\" class=\"alignnone size-medium wp-image-8050\" src=\"https:\/\/concept05design.com\/wp-content\/uploads\/2025\/11\/select-plus-1.jpg\" width=\"300\" height=\"147\"><\/p>\n<h2>Select Plus<\/h2>\n<ul>\n<li>Grade : A, B, C<\/li>\n<li>Combination of coloring, from light to pronounced, with rustic character.<\/li>\n<li>All color variations accepted<\/li>\n<li>Knots, and shakes and checks accepted<\/li>\n<li>Pith and worm holes acceptedM\u0153lle et trous d\u2019insectes accept\u00e9s<\/li>\n<li>Minimum length of 10 inches<\/li>\n<li>Average length of 32 to 38 inches<\/li>\n<\/ul>\n<\/div>\n<\/td>\n<\/tr>\n<tr>\n<td>\n<div class=\"modern-card\"><img decoding=\"async\" class=\"alignnone wp-image-8052\" src=\"https:\/\/concept05design.com\/wp-content\/uploads\/2025\/11\/character-1.jpg\" width=\"300\" height=\"147\"><\/p>\n<h2>Character<\/h2>\n<ul>\n<li>Grade : A, B, C, D<\/li>\n<li>Mix of coloring, from moderate to pronounced, with rustic character.<\/li>\n<li>All color variations accepted<\/li>\n<li>Knots, and shakes and checks accepted<\/li>\n<li>Pith and worm holes acceptedM\u0153lle et trous d\u2019insectes accept\u00e9s<\/li>\n<li>Minimum length of 10 inches<\/li>\n<li>Average length of 27 to 29 inches<\/li>\n<\/ul>\n<\/div>\n<\/td>\n<\/tr>\n<\/tbody>\n<\/table>\n","protected":false},"excerpt":{"rendered":"<div>Solid<br \/>\nSolid 3\/4 in. (19 mm)<\/div>\n<div>Widths : 2 1\/4 in (57 mm), 3 1\/4 in (83 mm), 4 1\/4 in (108 mm), 5 in (127 mm)<\/div>\n<div>Finish : Matte 10\u00b0, Satin 35\u00b0, Semi-gloss 55\u00b0<\/div>\n","protected":false},"featured_media":8146,"template":"","meta":[],"product_brand":[],"product_cat":[524],"product_tag":[],"class_list":{"0":"post-8189","1":"product","2":"type-product","3":"status-publish","4":"has-post-thumbnail","6":"product_cat-hardwood","8":"first","9":"instock","10":"shipping-taxable","11":"product-type-simple"},"yoast_head":"<!-- This site is optimized with the Yoast SEO plugin v27.4 - https:\/\/yoast.com\/product\/yoast-seo-wordpress\/ -->\n<title>Red Oak - Concept 05 Design<\/title>\n<meta name=\"robots\" content=\"index, follow, max-snippet:-1, max-image-preview:large, max-video-preview:-1\" \/>\n<link rel=\"canonical\" href=\"https:\/\/concept05design.com\/en\/produit\/red-oak\/\" \/>\n<meta property=\"og:locale\" content=\"en_US\" \/>\n<meta property=\"og:type\" content=\"article\" \/>\n<meta property=\"og:title\" content=\"Red Oak - Concept 05 Design\" \/>\n<meta property=\"og:description\" content=\"Solid Solid 3\/4 in. (19 mm) Widths : 2 1\/4 in (57 mm), 3 1\/4 in (83 mm), 4 1\/4 in (108 mm), 5 in (127 mm) Finish : Matte 10\u00b0, Satin 35\u00b0, Semi-gloss 55\u00b0\" \/>\n<meta property=\"og:url\" content=\"https:\/\/concept05design.com\/en\/produit\/red-oak\/\" \/>\n<meta property=\"og:site_name\" content=\"Concept 05 Design\" \/>\n<meta property=\"og:image\" content=\"https:\/\/concept05design.com\/wp-content\/uploads\/2025\/11\/red-oak.png\" \/>\n\t<meta property=\"og:image:width\" content=\"640\" \/>\n\t<meta property=\"og:image:height\" content=\"640\" \/>\n\t<meta property=\"og:image:type\" content=\"image\/png\" \/>\n<meta name=\"twitter:card\" content=\"summary_large_image\" \/>\n<meta name=\"twitter:label1\" content=\"Est. reading time\" \/>\n\t<meta name=\"twitter:data1\" content=\"1 minute\" \/>\n<script type=\"application\/ld+json\" class=\"yoast-schema-graph\">{\"@context\":\"https:\\\/\\\/schema.org\",\"@graph\":[{\"@type\":\"WebPage\",\"@id\":\"https:\\\/\\\/concept05design.com\\\/en\\\/produit\\\/red-oak\\\/\",\"url\":\"https:\\\/\\\/concept05design.com\\\/en\\\/produit\\\/red-oak\\\/\",\"name\":\"Red Oak - Concept 05 Design\",\"isPartOf\":{\"@id\":\"https:\\\/\\\/concept05design.com\\\/en\\\/#website\"},\"primaryImageOfPage\":{\"@id\":\"https:\\\/\\\/concept05design.com\\\/en\\\/produit\\\/red-oak\\\/#primaryimage\"},\"image\":{\"@id\":\"https:\\\/\\\/concept05design.com\\\/en\\\/produit\\\/red-oak\\\/#primaryimage\"},\"thumbnailUrl\":\"https:\\\/\\\/concept05design.com\\\/wp-content\\\/uploads\\\/2025\\\/11\\\/red-oak.png\",\"datePublished\":\"2025-11-15T20:22:50+00:00\",\"breadcrumb\":{\"@id\":\"https:\\\/\\\/concept05design.com\\\/en\\\/produit\\\/red-oak\\\/#breadcrumb\"},\"inLanguage\":\"en-US\",\"potentialAction\":[{\"@type\":\"ReadAction\",\"target\":[\"https:\\\/\\\/concept05design.com\\\/en\\\/produit\\\/red-oak\\\/\"]}]},{\"@type\":\"ImageObject\",\"inLanguage\":\"en-US\",\"@id\":\"https:\\\/\\\/concept05design.com\\\/en\\\/produit\\\/red-oak\\\/#primaryimage\",\"url\":\"https:\\\/\\\/concept05design.com\\\/wp-content\\\/uploads\\\/2025\\\/11\\\/red-oak.png\",\"contentUrl\":\"https:\\\/\\\/concept05design.com\\\/wp-content\\\/uploads\\\/2025\\\/11\\\/red-oak.png\",\"width\":640,\"height\":640},{\"@type\":\"BreadcrumbList\",\"@id\":\"https:\\\/\\\/concept05design.com\\\/en\\\/produit\\\/red-oak\\\/#breadcrumb\",\"itemListElement\":[{\"@type\":\"ListItem\",\"position\":1,\"name\":\"Accueil\",\"item\":\"https:\\\/\\\/concept05design.com\\\/en\\\/\"},{\"@type\":\"ListItem\",\"position\":2,\"name\":\"Shop\",\"item\":\"https:\\\/\\\/concept05design.com\\\/shop\\\/\"},{\"@type\":\"ListItem\",\"position\":3,\"name\":\"Red Oak\"}]},{\"@type\":\"WebSite\",\"@id\":\"https:\\\/\\\/concept05design.com\\\/en\\\/#website\",\"url\":\"https:\\\/\\\/concept05design.com\\\/en\\\/\",\"name\":\"Concept 05 Design\",\"description\":\"Du Concept \u00e0 la R\u00e9alit\u00e9 : Votre Vision, Notre Mission\",\"potentialAction\":[{\"@type\":\"SearchAction\",\"target\":{\"@type\":\"EntryPoint\",\"urlTemplate\":\"https:\\\/\\\/concept05design.com\\\/en\\\/?s={search_term_string}\"},\"query-input\":{\"@type\":\"PropertyValueSpecification\",\"valueRequired\":true,\"valueName\":\"search_term_string\"}}],\"inLanguage\":\"en-US\"}]}<\/script>\n<!-- \/ Yoast SEO plugin. -->","yoast_head_json":{"title":"Red Oak - Concept 05 Design","robots":{"index":"index","follow":"follow","max-snippet":"max-snippet:-1","max-image-preview":"max-image-preview:large","max-video-preview":"max-video-preview:-1"},"canonical":"https:\/\/concept05design.com\/en\/produit\/red-oak\/","og_locale":"en_US","og_type":"article","og_title":"Red Oak - Concept 05 Design","og_description":"Solid Solid 3\/4 in. (19 mm) Widths : 2 1\/4 in (57 mm), 3 1\/4 in (83 mm), 4 1\/4 in (108 mm), 5 in (127 mm) Finish : Matte 10\u00b0, Satin 35\u00b0, Semi-gloss 55\u00b0","og_url":"https:\/\/concept05design.com\/en\/produit\/red-oak\/","og_site_name":"Concept 05 Design","og_image":[{"width":640,"height":640,"url":"https:\/\/concept05design.com\/wp-content\/uploads\/2025\/11\/red-oak.png","type":"image\/png"}],"twitter_card":"summary_large_image","twitter_misc":{"Est. reading time":"1 minute"},"schema":{"@context":"https:\/\/schema.org","@graph":[{"@type":"WebPage","@id":"https:\/\/concept05design.com\/en\/produit\/red-oak\/","url":"https:\/\/concept05design.com\/en\/produit\/red-oak\/","name":"Red Oak - Concept 05 Design","isPartOf":{"@id":"https:\/\/concept05design.com\/en\/#website"},"primaryImageOfPage":{"@id":"https:\/\/concept05design.com\/en\/produit\/red-oak\/#primaryimage"},"image":{"@id":"https:\/\/concept05design.com\/en\/produit\/red-oak\/#primaryimage"},"thumbnailUrl":"https:\/\/concept05design.com\/wp-content\/uploads\/2025\/11\/red-oak.png","datePublished":"2025-11-15T20:22:50+00:00","breadcrumb":{"@id":"https:\/\/concept05design.com\/en\/produit\/red-oak\/#breadcrumb"},"inLanguage":"en-US","potentialAction":[{"@type":"ReadAction","target":["https:\/\/concept05design.com\/en\/produit\/red-oak\/"]}]},{"@type":"ImageObject","inLanguage":"en-US","@id":"https:\/\/concept05design.com\/en\/produit\/red-oak\/#primaryimage","url":"https:\/\/concept05design.com\/wp-content\/uploads\/2025\/11\/red-oak.png","contentUrl":"https:\/\/concept05design.com\/wp-content\/uploads\/2025\/11\/red-oak.png","width":640,"height":640},{"@type":"BreadcrumbList","@id":"https:\/\/concept05design.com\/en\/produit\/red-oak\/#breadcrumb","itemListElement":[{"@type":"ListItem","position":1,"name":"Accueil","item":"https:\/\/concept05design.com\/en\/"},{"@type":"ListItem","position":2,"name":"Shop","item":"https:\/\/concept05design.com\/shop\/"},{"@type":"ListItem","position":3,"name":"Red Oak"}]},{"@type":"WebSite","@id":"https:\/\/concept05design.com\/en\/#website","url":"https:\/\/concept05design.com\/en\/","name":"Concept 05 Design","description":"Du Concept \u00e0 la R\u00e9alit\u00e9 : Votre Vision, Notre Mission","potentialAction":[{"@type":"SearchAction","target":{"@type":"EntryPoint","urlTemplate":"https:\/\/concept05design.com\/en\/?s={search_term_string}"},"query-input":{"@type":"PropertyValueSpecification","valueRequired":true,"valueName":"search_term_string"}}],"inLanguage":"en-US"}]}},"_links":{"self":[{"href":"https:\/\/concept05design.com\/en\/wp-json\/wp\/v2\/product\/8189","targetHints":{"allow":["GET"]}}],"collection":[{"href":"https:\/\/concept05design.com\/en\/wp-json\/wp\/v2\/product"}],"about":[{"href":"https:\/\/concept05design.com\/en\/wp-json\/wp\/v2\/types\/product"}],"wp:featuredmedia":[{"embeddable":true,"href":"https:\/\/concept05design.com\/en\/wp-json\/wp\/v2\/media\/8146"}],"wp:attachment":[{"href":"https:\/\/concept05design.com\/en\/wp-json\/wp\/v2\/media?parent=8189"}],"wp:term":[{"taxonomy":"product_brand","embeddable":true,"href":"https:\/\/concept05design.com\/en\/wp-json\/wp\/v2\/product_brand?post=8189"},{"taxonomy":"product_cat","embeddable":true,"href":"https:\/\/concept05design.com\/en\/wp-json\/wp\/v2\/product_cat?post=8189"},{"taxonomy":"product_tag","embeddable":true,"href":"https:\/\/concept05design.com\/en\/wp-json\/wp\/v2\/product_tag?post=8189"}],"curies":[{"name":"wp","href":"https:\/\/api.w.org\/{rel}","templated":true}]}}